{"id":12377,"date":"2024-03-18T21:21:57","date_gmt":"2024-03-18T21:21:57","guid":{"rendered":"https:\/\/old.sgtmartinho.com\/?post_type=product&#038;p=12377"},"modified":"2024-03-28T14:53:18","modified_gmt":"2024-03-28T14:53:18","slug":"cafe-da-etiopia-wolaita","status":"publish","type":"product","link":"https:\/\/old.sgtmartinho.com\/es\/loja\/cafe-da-etiopia-wolaita\/","title":{"rendered":"Caf\u00e9 da Eti\u00f3pia | Wolaita"},"content":{"rendered":"<p>Descubra o cativante fasc\u00ednio do caf\u00e9 et\u00edope com a nossa sele\u00e7\u00e3o exclusiva, meticulosamente proveniente das paisagens encantadoras da regi\u00e3o de Shantawene, em Sidamo. Aninhada no meio das majestosas Montanhas Bombe, esta \u00e1rea \u00e9 lar de aproximadamente 1.600 agricultores de pequena escala, cada um dedicado a cultivar caf\u00e9 usando m\u00e9todos tradicionais passados de gera\u00e7\u00e3o em gera\u00e7\u00e3o.<\/p>\n<p><strong>Um Mosaico de Tradi\u00e7\u00e3o e Terroir:<\/strong> Em eleva\u00e7\u00f5es que ultrapassam os 1.950 metros acima do n\u00edvel do mar, as fazendas em Shantawene desfrutam da combina\u00e7\u00e3o perfeita de altitude, riqueza do solo e sombra natural. Aqui, no meio de paisagens verdejantes, as \u00e1rvores de caf\u00e9 prosperam sob o dossel protetor de \u00e1rvores nativas, promovendo uma rela\u00e7\u00e3o harmoniosa com o meio ambiente. \u00c9 dentro deste cen\u00e1rio id\u00edlico que a jornada dos nossos gr\u00e3os de caf\u00e9 come\u00e7a, guiada pelas m\u00e3os habilidosas de agricultores apaixonados profundamente conectados com a terra.<\/p>\n<p><strong>Artesanato na Cultura:<\/strong> Selecionadas com precis\u00e3o, apenas as cerejas mais maduras e vermelhas s\u00e3o escolhidas para processamento, garantindo a mais alta qualidade em cada lote. Utilizando m\u00e9todos tradicionais, como a despulpagem com disco e a fermenta\u00e7\u00e3o meticulosa, os agricultores transformam as cerejas em pergaminhos, imbuindo-os com camadas de complexidade e sabor. Secos pacientemente em camas elevadas ou p\u00e1tios sob o calor do sol et\u00edope, cada gr\u00e3o passa por um processo de matura\u00e7\u00e3o gradual, resultando em uma x\u00edcara que incorpora a ess\u00eancia de sua origem.<\/p>\n<p><strong>A Diversidade de Sabores:<\/strong> A Eti\u00f3pia \u00e9 celebrada pela extraordin\u00e1ria diversidade de sabores encontrados em seus caf\u00e9s, um reflexo da rica heran\u00e7a gen\u00e9tica e das variadas condi\u00e7\u00f5es de cultivo do pa\u00eds. Desde aromas florais delicados at\u00e9 notas frutadas vibrantes, cada gole oferece uma sinfonia de sensa\u00e7\u00f5es que transportam o paladar para paisagens distantes. O nosso compromisso com o com\u00e9rcio transparente e a rastreabilidade garante que cada x\u00edcara n\u00e3o apenas encante os sentidos, mas tamb\u00e9m honre o trabalho \u00e1rduo e a dedica\u00e7\u00e3o dos agricultores por detr\u00e1s dela.<\/p>\n<p><strong>Sustentabilidade e Responsabilidade:<\/strong> Na Eti\u00f3pia, o cultivo de caf\u00e9 \u00e9 mais do que apenas um meio de subsist\u00eancia &#8211; \u00e9 um modo de vida profundamente enraizado na tradi\u00e7\u00e3o e na sustentabilidade. A maioria dos agricultores s\u00e3o pequenos propriet\u00e1rios que priorizam pr\u00e1ticas org\u00e2nicas, evitando o uso de fertilizantes qu\u00edmicos e pesticidas em favor do trabalho manual. Esta abordagem hol\u00edstica n\u00e3o apenas preserva a integridade da terra, mas tamb\u00e9m garante a pureza de cada gr\u00e3o, tornando cada ch\u00e1vena um testemunho do compromisso do pa\u00eds com a responsabilidade ambiental.<\/p>\n<p><strong>Abra\u00e7ando a Ess\u00eancia da Eti\u00f3pia:<\/strong> Desfrute do rico mosaico da cultura do caf\u00e9 et\u00edope com esta nossa sele\u00e7\u00e3o. Desde os picos nebulosos das Montanhas Bombe at\u00e9 os vibrantes mercados de Sidamo, cada gole convida-o a embarcar numa jornada sensorial pelo cora\u00e7\u00e3o do local de nascimento do caf\u00e9. Com cada x\u00edcara, saboreie a hist\u00f3ria, a heran\u00e7a e os sabores incompar\u00e1veis que definem o caf\u00e9 et\u00edope, e eleve a sua experi\u00eancia com caf\u00e9 a novos patamares.<\/p>\n<p>&nbsp;<\/p>\n<p>Para descrever melhor o caf\u00e9 pedimos ao artista Colombiano\u00a0<a href=\"https:\/\/www.instagram.com\/pinchaoanfibio\/\" target=\"_blank\" rel=\"noopener\">Oscar Pinchao<\/a>\u00a0que nos ajudasse a transpor visualmente as notas e emo\u00e7\u00f5es deste caf\u00e9. Sigam-no no\u00a0<a href=\"https:\/\/www.instagram.com\/pinchaoanfibio\/\" target=\"_blank\" rel=\"noopener\">IG<\/a>\u00a0para ficarem a conhecer o seu trabalho incr\u00edvel.<\/p>\n","protected":false},"excerpt":{"rendered":"<p>O caf\u00e9 Wolaita \u00e9 indicado para <strong>[tags]<\/strong>.<\/p>\n<p>Eti\u00f3pia, Sidamo, Shantawene<br \/>\n\u2014<br \/>\nProdutor: V\u00e1rios pequenos produtores<br \/>\nVariedade: 100% Ar\u00e1bica Nativa<br \/>\nProcesso: Lavado<br \/>\nAltitude: 1950 m<br \/>\nNotas: <strong>Groselha, Ch\u00e1 Preto, C\u00edtrico<\/strong><br \/>\nEmo\u00e7\u00f5es: Refrescante e Divertido<\/p>\n<p>&nbsp;<\/p>\n<p>Moagem:<br \/>\n&#8211; Fina para Cafeteira Italiana, Prensa Francesa e Hario V60 para 1 pessoa<br \/>\n&#8211; M\u00e9dia para Aeropress, Chemex e V60 para 2 pessoas<br \/>\n&#8211; Grossa para m\u00e1quina de caf\u00e9 de filtro tipo Moccamaster<\/p>\n","protected":false},"featured_media":12383,"template":"","meta":[],"product_brand":[],"product_cat":[23],"product_tag":[182,169,24,26],"class_list":{"0":"post-12377","1":"product","2":"type-product","3":"status-publish","4":"has-post-thumbnail","6":"product_cat-cafe","7":"product_tag-cold-brew","8":"product_tag-cafeteira-italiana","9":"product_tag-espresso","10":"product_tag-cafe-de-filtro","12":"first","13":"instock","14":"taxable","15":"shipping-taxable","16":"purchasable","17":"product-type-variable","18":"has-default-attributes"},"_links":{"self":[{"href":"https:\/\/old.sgtmartinho.com\/es\/wp-json\/wp\/v2\/product\/12377","targetHints":{"allow":["GET"]}}],"collection":[{"href":"https:\/\/old.sgtmartinho.com\/es\/wp-json\/wp\/v2\/product"}],"about":[{"href":"https:\/\/old.sgtmartinho.com\/es\/wp-json\/wp\/v2\/types\/product"}],"wp:featuredmedia":[{"embeddable":true,"href":"https:\/\/old.sgtmartinho.com\/es\/wp-json\/wp\/v2\/media\/12383"}],"wp:attachment":[{"href":"https:\/\/old.sgtmartinho.com\/es\/wp-json\/wp\/v2\/media?parent=12377"}],"wp:term":[{"taxonomy":"product_brand","embeddable":true,"href":"https:\/\/old.sgtmartinho.com\/es\/wp-json\/wp\/v2\/product_brand?post=12377"},{"taxonomy":"product_cat","embeddable":true,"href":"https:\/\/old.sgtmartinho.com\/es\/wp-json\/wp\/v2\/product_cat?post=12377"},{"taxonomy":"product_tag","embeddable":true,"href":"https:\/\/old.sgtmartinho.com\/es\/wp-json\/wp\/v2\/product_tag?post=12377"}],"curies":[{"name":"wp","href":"https:\/\/api.w.org\/{rel}","templated":true}]}}